{"id":50,"date":"2024-05-25T19:57:56","date_gmt":"2024-05-25T17:57:56","guid":{"rendered":"http:\/\/wassersportverein-tegel-sued.de\/?page_id=50"},"modified":"2024-05-30T17:48:08","modified_gmt":"2024-05-30T15:48:08","slug":"nutzungsbedingungen","status":"publish","type":"page","link":"https:\/\/wassersportverein-tegel-sued.de\/index.php\/nutzungsbedingungen\/","title":{"rendered":"Nutzungsbedingungen"},"content":{"rendered":"\n<h2 class=\"wp-block-heading\" style=\"font-size:20px\"><strong>Allgemeine Nutzungsbedingungen der Webpr\u00e4senz vom Wassersportverein Tegel-S\u00fcd e.V.<\/strong><br><strong>\u2013nachfolgend der Betreiber genannt\u2013<\/strong><\/h2>\n\n\n\n<div class=\"wp-block-group\"><div class=\"wp-block-group__inner-container is-layout-constrained wp-block-group-is-layout-constrained\">\n<h2 class=\"wp-block-heading\" style=\"font-size:18px\"><strong>1. Informationen zum Urheberrecht<\/strong><\/h2>\n\n\n\n<p style=\"font-size:16px\">Alle Informationen dieser Webseite werden, wie angegeben ohne Anspruch auf Richtigkeit, Vollst\u00e4ndigkeit oder Aktualit\u00e4t zur Verf\u00fcgung gestellt. Wenn nicht ausdr\u00fccklich anderweitig in dieser Publikation zu verstehen gegeben, und zwar in Zusammenhang mit einem bestimmten Ausschnitt einer Datei oder einem Dokument, ist jedermann unter den folgenden Bedingungen berechtigt, diese Datei oder dieses Dokument anzusehen, zu kopieren oder zu Drucken: Alle Informationen, Dokumente, Bilder, Medien d\u00fcrfen nur f\u00fcr nichtkommerzielle Zwecke genutzt werden. Wird eine Kopie eines Dokumentes oder auch nur eines Teiles davon ben\u00f6tigt, ist ein urheberrechtlicher Hinweis des Betreibers einzuf\u00fcgen. Ohne schriftliche Zustimmung des Betreibers darf kein Dokument, kein Bild, kein Medium und auch keine Datei ver\u00e4ndert werden. Der Betreiber beh\u00e4lt sich das ausdr\u00fcckliche Recht vor, auch die Nutzung f\u00fcr nichtkommerzielle Zwecke jederzeit zu widerrufen. Der Widerruf gilt, sobald er in einem \u00f6ffentlichem Medium ( Zeitung, Radio, Fernsehen, Email, diese Webpr\u00e4senz ) an sichtbarer Stelle bekannt gemacht wurde.<\/p>\n<\/div><\/div>\n\n\n\n<div class=\"wp-block-group\"><div class=\"wp-block-group__inner-container is-layout-constrained wp-block-group-is-layout-constrained\">\n<h2 class=\"wp-block-heading\" style=\"font-size:18px\"><strong>2. Vertragliche Zusicherungen und Verzichterkl\u00e4rungen<\/strong><\/h2>\n\n\n\n<p style=\"font-size:16px\">Die Webpr\u00e4senz vom Betreiber steht Ihnen \u2013 soweit nicht anders vereinbart \u2013 kostenlos zur Verf\u00fcgung. Der Betreiber \u00fcbernimmt keinerlei Gew\u00e4hr f\u00fcr Richtigkeit der enthaltenen Informationen, Verf\u00fcgbarkeit der Dienste, Verlust von auf unserer Webseite abgespeicherten Daten oder Nutzbarkeit f\u00fcr irgendeinen bestimmten Zweck. Der Betreiber haftet auch nicht f\u00fcr Folgesch\u00e4den, die auf einer Nutzung des Angebotes beruhen. Soweit ein Haftungsausschluss nicht in Betracht kommt, haftet der Betreiber lediglich f\u00fcr grobe Fahrl\u00e4ssigkeit und Vorsatz. Alle verwendeten Produkt- und Firmennamen sind Marken der jeweiligen Eigent\u00fcmer bzw. Hersteller und werden auf diesen Seiten ausschlie\u00dflich zu Informationszwecken eingesetzt. Der Betreiber beh\u00e4lt es sich ausdr\u00fccklich vor, Teile der Inhalte oder das gesamte Angebot ohne gesonderte Ank\u00fcndigung zu ver\u00e4ndern, zu erg\u00e4nzen, zu l\u00f6schen oder die Ver\u00f6ffentlichung zeitweise oder endg\u00fcltig einzustellen.<\/p>\n<\/div><\/div>\n\n\n\n<div class=\"wp-block-group\"><div class=\"wp-block-group__inner-container is-layout-constrained wp-block-group-is-layout-constrained\">\n<h2 class=\"wp-block-heading\" style=\"font-size:18px\"><strong>3. Erkl\u00e4rung zum Datenschutz (Privacy Policy)<\/strong><\/h2>\n\n\n\n<p style=\"font-size:16px\">Informationen zum Thema Datenschutz finden sich in unserer <a href=\"https:\/\/wassersportverein-tegel-sued.de\/index.php\/datenschutzerklaerung\" data-type=\"page\" data-id=\"3\" target=\"_blank\" rel=\"noreferrer noopener\">Datenschutzerkl\u00e4rung<\/a>.<\/p>\n<\/div><\/div>\n\n\n\n<div class=\"wp-block-group\"><div class=\"wp-block-group__inner-container is-layout-constrained wp-block-group-is-layout-constrained\">\n<h2 class=\"wp-block-heading\" style=\"font-size:18px\"><strong>4. Registrierung und Passwort<\/strong><\/h2>\n\n\n\n<p style=\"font-size:16px\">Falsche oder unvollst\u00e4ndige Angaben bei Ihrer Registrierung f\u00fchren zur Sperrung \/ L\u00f6schung Ihres Accounts! Registrieren Sie sich bitte nur dann, wenn Sie diesen Account auch wirklich nutzen m\u00f6chten. F\u00fcllen Sie bitte alle Pflichtfelder wahrheitsgem\u00e4\u00df aus. Wir behalten uns das Recht vor, Accounts mit falschen Angaben ohne vorherige Ank\u00fcndigung zu sperren \/ l\u00f6schen. Falls Sie unsere Seite nicht weiter besuchen m\u00f6chten, so haben Sie jederzeit die M\u00f6glichkeit, Ihren Account selbstst\u00e4ndig bei uns zu l\u00f6schen.<br><br>Der Benutzer ist verpflichtet, die Kombination Benutzername\/Passwort vertraulich zu behandeln und nicht an Dritte weiterzugeben. Bei Verdacht auf Missbrauch der Zugangsdaten ist der Betreiber zu informieren.<\/p>\n<\/div><\/div>\n\n\n\n<div class=\"wp-block-group\"><div class=\"wp-block-group__inner-container is-layout-constrained wp-block-group-is-layout-constrained\">\n<h2 class=\"wp-block-heading\" style=\"font-size:18px\"><strong>5. Hinweis gem\u00e4\u00df Teledienstgesetz<\/strong><\/h2>\n\n\n\n<p style=\"font-size:16px\">F\u00fcr Internetseiten Dritter, auf die dieses Angebot durch sogenannte Links verweist, tragen die jeweiligen Anbieter die Verantwortung. Der Betreiber ist f\u00fcr den Inhalt solcher Seiten Dritter nicht verantwortlich. Des Weiteren kann die Webseite ohne unser Wissen von anderen Seiten mittels sogenannter Links angelinkt werden. Der Betreiber \u00fcbernimmt keine Verantwortung f\u00fcr Darstellungen, Inhalt oder irgendeine Verbindung zu dieser Webseite in Webseiten Dritter. F\u00fcr fremde Inhalte ist der Betreiber nur dann verantwortlich, wenn von ihnen (d.h. auch von einem rechtswidrigen oder strafbaren Inhalt) positive Kenntnis vorliegt und es technisch m\u00f6glich und zumutbar ist, deren Nutzung zu verhindern. Der Betreiber ist nach dem Teledienstgesetz jedoch nicht verpflichtet, die fremden Inhalte st\u00e4ndig zu \u00fcberpr\u00fcfen.<\/p>\n<\/div><\/div>\n\n\n\n<div class=\"wp-block-group\"><div class=\"wp-block-group__inner-container is-layout-constrained wp-block-group-is-layout-constrained\">\n<h2 class=\"wp-block-heading\" style=\"font-size:18px\"><strong>6. Nutzungsrecht unserer Online- und Offlinedienste<\/strong><\/h2>\n\n\n\n<p style=\"font-size:16px\">Sie d\u00fcrfen unsere Online- und Offlinedienste nicht einsetzen \/ nutzen wenn:<br><br>\u2013 Ihre Webseiten gegen geltendes Recht versto\u00dfen<br>\u2013 Ihr Webangebot der rechtsgerichteten Szene angeh\u00f6rt oder sich an diese wendet<br>\u2013 Ihr Webangebot sich gegen ethnische Minderheiten, Randgruppen, ausl\u00e4ndische Mitb\u00fcrger oder gegen gleichgeschlechtliche Lebensgemeinschaften richtet<br>\u2013 Sie gewaltverherrlichende Inhalte anbieten oder zur Gewalt aufrufen.<\/p>\n<\/div><\/div>\n\n\n\n<div class=\"wp-block-group\"><div class=\"wp-block-group__inner-container is-layout-constrained wp-block-group-is-layout-constrained\">\n<h2 class=\"wp-block-heading\" style=\"font-size:18px\"><strong>Sicherheitshinweis:<\/strong><\/h2>\n\n\n\n<p style=\"font-size:16px\">Wir sind bem\u00fcht, Ihre personenbezogenen Daten durch Ergreifung aller technischen und organisatorischen M\u00f6glichkeiten so zu speichern, dass sie f\u00fcr Dritte nicht zug\u00e4nglich sind. Bei der Kommunikation per E Mail kann die vollst\u00e4ndige Datensicherheit von uns nicht gew\u00e4hrleistet werden, so dass wir Ihnen bei vertraulichen Informationen den Postweg empfehlen.<\/p>\n<\/div><\/div>\n\n\n\n<div class=\"wp-block-group\"><div class=\"wp-block-group__inner-container is-layout-constrained wp-block-group-is-layout-constrained\">\n<h2 class=\"wp-block-heading\" style=\"font-size:18px\"><strong>Rechtswirksamkeit:<\/strong><\/h2>\n\n\n\n<p style=\"font-size:16px\">Diese allgemeinen Nutzungsbedingungen beziehen sich auf unser komplettes Internetangebot und unsere Dienstleistungen. Sofern Teile oder einzelne Formulierungen dieses Textes der geltenden Rechtslage nicht, nicht mehr oder nicht vollst\u00e4ndig entsprechen sollten, bleiben die \u00fcbrigen Teile des Dokumentes in ihrem Inhalt und ihrer G\u00fcltigkeit davon unber\u00fchrt.<\/p>\n<\/div><\/div>\n","protected":false},"excerpt":{"rendered":"<p>Allgemeine Nutzungsbedingungen der Webpr\u00e4senz vom Wassersportverein Tegel-S\u00fcd e.V.\u2013nachfolgend der Betreiber genannt\u2013 1. Informationen zum Urheberrecht Alle Informationen dieser Webseite werden, wie angegeben ohne Anspruch auf Richtigkeit, Vollst\u00e4ndigkeit oder Aktualit\u00e4t zur Verf\u00fcgung gestellt. Wenn nicht ausdr\u00fccklich anderweitig in dieser Publikation zu verstehen gegeben, und zwar in Zusammenhang mit einem bestimmten Ausschnitt einer Datei oder einem Dokument, &hellip; <\/p>\n<p class=\"link-more\"><a href=\"https:\/\/wassersportverein-tegel-sued.de\/index.php\/nutzungsbedingungen\/\" class=\"more-link\"><span class=\"screen-reader-text\">\u201eNutzungsbedingungen\u201c <\/span>weiterlesen<\/a><\/p>\n","protected":false},"author":1,"featured_media":0,"parent":0,"menu_order":0,"comment_status":"closed","ping_status":"closed","template":"","meta":{"_glsr_average":0,"_glsr_ranking":0,"_glsr_reviews":0,"footnotes":""},"class_list":["post-50","page","type-page","status-publish","hentry"],"_links":{"self":[{"href":"https:\/\/wassersportverein-tegel-sued.de\/index.php\/wp-json\/wp\/v2\/pages\/50","targetHints":{"allow":["GET"]}}],"collection":[{"href":"https:\/\/wassersportverein-tegel-sued.de\/index.php\/wp-json\/wp\/v2\/pages"}],"about":[{"href":"https:\/\/wassersportverein-tegel-sued.de\/index.php\/wp-json\/wp\/v2\/types\/page"}],"author":[{"embeddable":true,"href":"https:\/\/wassersportverein-tegel-sued.de\/index.php\/wp-json\/wp\/v2\/users\/1"}],"replies":[{"embeddable":true,"href":"https:\/\/wassersportverein-tegel-sued.de\/index.php\/wp-json\/wp\/v2\/comments?post=50"}],"version-history":[{"count":0,"href":"https:\/\/wassersportverein-tegel-sued.de\/index.php\/wp-json\/wp\/v2\/pages\/50\/revisions"}],"wp:attachment":[{"href":"https:\/\/wassersportverein-tegel-sued.de\/index.php\/wp-json\/wp\/v2\/media?parent=50"}],"curies":[{"name":"wp","href":"https:\/\/api.w.org\/{rel}","templated":true}]}}