{"id":47,"date":"2024-05-25T20:11:20","date_gmt":"2024-05-25T18:11:20","guid":{"rendered":"http:\/\/wassersportverein-tegel-sued.de\/?page_id=47"},"modified":"2025-05-08T17:27:34","modified_gmt":"2025-05-08T15:27:34","slug":"impressum","status":"publish","type":"page","link":"https:\/\/wassersportverein-tegel-sued.de\/index.php\/impressum\/","title":{"rendered":"Impressum"},"content":{"rendered":"\n<h2 class=\"wp-block-heading\" style=\"font-size:18px\"><strong>Anbieterinformationen<\/strong><\/h2>\n\n\n\n<p>Wassersportverein Tegel-S\u00fcd e.V.<\/p>\n\n\n\n<p><strong>Gesch\u00e4ftsstelle:<\/strong><br>Thomas Bielefeldt<br>Graf-Haeseler-Str. 19<br>13403 Berlin<\/p>\n\n\n\n<h2 class=\"wp-block-heading\" style=\"font-size:18px\"><strong>Rechtliche Angaben<\/strong><\/h2>\n\n\n\n<p>Vertretungsberechtigt: Thomas Bielefeldt<br>Eingetragen im Vereinsregister Charlottenburg Aktenzeichen VR 4252 B Nummer 4<br>Inhaltlich Verantwortlicher gem\u00e4\u00df TMG: Thomas Bielefeldt<\/p>\n\n\n\n<h2 class=\"wp-block-heading\" style=\"font-size:18px\"><strong>Mitgliedschaften<\/strong><\/h2>\n\n\n\n<p><a href=\"https:\/\/www.dmyv.de\" target=\"_blank\" rel=\"noreferrer noopener\">Deutschen Motoryachtverband e.V. ( DMYV )<\/a><br><a href=\"https:\/\/mvb-berlin.de\" target=\"_blank\" rel=\"noreferrer noopener\">Motoryachtverband Berlin e.V. ( MVB)<\/a><br><a href=\"https:\/\/www.lsb-berlin.de\" target=\"_blank\" rel=\"noreferrer noopener\">Mittelbar im Landessportbund Berlin e.V. ( LSB)<\/a><\/p>\n\n\n\n<h2 class=\"wp-block-heading\" style=\"font-size:18px\"><strong>Bankverbindung<\/strong><\/h2>\n\n\n\n<p>Inhaber: Wassersportverein Tegel-S\u00fcd e.V.<br>Kontonummer: 305222105<br>BLZ: 10010010<br>Bank: Postbank Berlin<br>IBAN: DE38 1001 0010 0305 2221 05<br>BIC: PB NK DE FF XX X<\/p>\n\n\n\n<h2 class=\"wp-block-heading\" style=\"font-size:18px\"><strong>Technische Angaben<\/strong><\/h2>\n\n\n\n<p>Technische Verantwortung: Thomas Bielefeldt, Andreas Paproth<\/p>\n\n\n\n<h2 class=\"wp-block-heading\" style=\"font-size:18px\"><strong>Weitere Informationen<\/strong><\/h2>\n\n\n\n<p><a href=\"https:\/\/wassersportverein-tegel-sued.de\/index.php\/nutzungsbedingungen\/\" data-type=\"page\" data-id=\"215\" target=\"_blank\" rel=\"noreferrer noopener\">Nutzungsbedingungen<\/a><br><a href=\"https:\/\/wassersportverein-tegel-sued.de\/index.php\/verhaltensregeln\/\" data-type=\"page\" data-id=\"230\" target=\"_blank\" rel=\"noreferrer noopener\">Verhaltensregeln<\/a><br><a href=\"https:\/\/wassersportverein-tegel-sued.de\/index.php\/datenschutzerklaerung\/\" data-type=\"page\" data-id=\"230\" target=\"_blank\" rel=\"noreferrer noopener\">Datenschutzerkl\u00e4rung<\/a><br><a href=\"https:\/\/wassersportverein-tegel-sued.de\/index.php\/haftungsausschluss\" data-type=\"page\" data-id=\"234\" target=\"_blank\" rel=\"noreferrer noopener\">Haftungshinweise<\/a><\/p>\n\n\n\n<p>Trotz sorgf\u00e4ltiger inhaltlicher Kontrolle \u00fcbernehmen wir keine Haftung f\u00fcr die Inhalte externer Links. F\u00fcr den Inhalt der verlinkten Seiten sind ausschlie\u00dflich deren Betreiber verantwortlich. Alle hier verwendeten Namen, Begriffe, Zeichen und Grafiken k\u00f6nnen Marken- oder Warenzeichen im Besitze ihrer rechtlichen Eigent\u00fcmer sein. Die Rechte aller erw\u00e4hnten und benutzten Marken- und Warenzeichen liegen ausschlie\u00dflich bei deren Besitzern.<\/p>\n\n\n\n<p>Copyright \u00a9 2025 www.wassersportverein-tegel-sued.de. Alle Rechte vorbehalten.<\/p>\n","protected":false},"excerpt":{"rendered":"<p>Anbieterinformationen Wassersportverein Tegel-S\u00fcd e.V. Gesch\u00e4ftsstelle:Thomas BielefeldtGraf-Haeseler-Str. 1913403 Berlin Rechtliche Angaben Vertretungsberechtigt: Thomas BielefeldtEingetragen im Vereinsregister Charlottenburg Aktenzeichen VR 4252 B Nummer 4Inhaltlich Verantwortlicher gem\u00e4\u00df TMG: Thomas Bielefeldt Mitgliedschaften Deutschen Motoryachtverband e.V. ( DMYV )Motoryachtverband Berlin e.V. ( MVB)Mittelbar im Landessportbund Berlin e.V. ( LSB) Bankverbindung Inhaber: Wassersportverein Tegel-S\u00fcd e.V.Kontonummer: 305222105BLZ: 10010010Bank: Postbank BerlinIBAN: DE38 1001 &hellip; <\/p>\n<p class=\"link-more\"><a href=\"https:\/\/wassersportverein-tegel-sued.de\/index.php\/impressum\/\" class=\"more-link\"><span class=\"screen-reader-text\">\u201eImpressum\u201c <\/span>weiterlesen<\/a><\/p>\n","protected":false},"author":1,"featured_media":0,"parent":0,"menu_order":0,"comment_status":"closed","ping_status":"closed","template":"","meta":{"_glsr_average":0,"_glsr_ranking":0,"_glsr_reviews":0,"footnotes":""},"class_list":["post-47","page","type-page","status-publish","hentry"],"_links":{"self":[{"href":"https:\/\/wassersportverein-tegel-sued.de\/index.php\/wp-json\/wp\/v2\/pages\/47","targetHints":{"allow":["GET"]}}],"collection":[{"href":"https:\/\/wassersportverein-tegel-sued.de\/index.php\/wp-json\/wp\/v2\/pages"}],"about":[{"href":"https:\/\/wassersportverein-tegel-sued.de\/index.php\/wp-json\/wp\/v2\/types\/page"}],"author":[{"embeddable":true,"href":"https:\/\/wassersportverein-tegel-sued.de\/index.php\/wp-json\/wp\/v2\/users\/1"}],"replies":[{"embeddable":true,"href":"https:\/\/wassersportverein-tegel-sued.de\/index.php\/wp-json\/wp\/v2\/comments?post=47"}],"version-history":[{"count":0,"href":"https:\/\/wassersportverein-tegel-sued.de\/index.php\/wp-json\/wp\/v2\/pages\/47\/revisions"}],"wp:attachment":[{"href":"https:\/\/wassersportverein-tegel-sued.de\/index.php\/wp-json\/wp\/v2\/media?parent=47"}],"curies":[{"name":"wp","href":"https:\/\/api.w.org\/{rel}","templated":true}]}}