{"id":3,"date":"2024-05-25T19:04:29","date_gmt":"2024-05-25T17:04:29","guid":{"rendered":"http:\/\/wassersportverein-tegel-sued.de\/?page_id=3"},"modified":"2024-05-30T17:43:20","modified_gmt":"2024-05-30T15:43:20","slug":"datenschutzerklaerung","status":"publish","type":"page","link":"https:\/\/wassersportverein-tegel-sued.de\/index.php\/datenschutzerklaerung\/","title":{"rendered":"Datenschutzerkl\u00e4rung"},"content":{"rendered":"\n<h2 class=\"wp-block-heading\" style=\"font-size:20px\"><strong>Erl\u00e4uterungen zum Datenschutz f\u00fcr den<\/strong><br><strong>Wassersportverein Tegel-S\u00fcd e.V.<\/strong><\/h2>\n\n\n\n<div class=\"wp-block-group\"><div class=\"wp-block-group__inner-container is-layout-constrained wp-block-group-is-layout-constrained\">\n<h2 class=\"wp-block-heading\" style=\"font-size:18px\"><strong>Vorwort<br><\/strong><\/h2>\n\n\n\n<p style=\"font-size:16px\">Wir nehmen den Schutz Ihrer privaten Daten ernst. Die besondere Beachtung der Privatsph\u00e4re bei der Verarbeitung pers\u00f6nlicher Daten ist uns ein wichtiges Anliegen. Pers\u00f6nliche Daten werden gem\u00e4ss den Bestimmungen des Bundesdatenschutzgesetzes BDSG verwendet. Die Betreiber dieser Website verpflichten sich zur Verschwiegenheit. Diese Webseiten k\u00f6nnen Links zu Webseiten anderer Anbieter enthalten, auf die sich diese Datenschutzerkl\u00e4rung nicht erstreckt. Weitere wichtige Informationen finden sich auch in den&nbsp;allgemeinen <a href=\"https:\/\/wassersportverein-tegel-sued.de\/index.php\/nutzungsbedingungen\/\" data-type=\"page\" data-id=\"215\" target=\"_blank\" rel=\"noreferrer noopener\">Nutzungsbedingungen<\/a>.<\/p>\n<\/div><\/div>\n\n\n\n<div class=\"wp-block-group\"><div class=\"wp-block-group__inner-container is-layout-constrained wp-block-group-is-layout-constrained\">\n<h2 class=\"wp-block-heading\" style=\"font-size:18px\"><strong>Personenbezogene Daten<br><\/strong><\/h2>\n\n\n\n<p style=\"font-size:16px\">Personenbezogene Daten sind Informationen, die dazu genutzt werden k\u00f6nnen, die Identit\u00e4t zu erfahren. Darunter fallen Informationen wie richtiger Name, Adresse, Postanschrift, Telefonnummer. Informationen, die nicht direkt mit der wirklichen Identit\u00e4t in Verbindung gebracht werden (wie zum Beispiel favorisierte Webseiten oder Anzahl der Nutzer einer Webseite) fallen nicht darunter.<br>Man kann unser Online-Angebot grunds\u00e4tzlich ohne Offenlegung der Identit\u00e4t nutzen. Wenn man sich f\u00fcr eine Registrierung entscheidet, sich also als Mitglied (registrierter Benutzer) anmeldet, kann man im individuellen Benutzerprofil pers\u00f6nlichen Informationen hinterlegen. Es unterliegt der freien Entscheidung, ob diese Daten eingegeben werden. Da versucht wird, f\u00fcr eine Nutzung des Angebots so wenig wie m\u00f6glich personenbezogene Daten zu erheben, reicht f\u00fcr eine Registrierung die Angabe eines Namens \u2013 unter dem man als Mitglied gef\u00fchrt wird und der nicht mit dem realen Namen \u00fcbereinstimmen muss \u2013 und die Angabe der E-Mail-Adresse, an die das Kennwort geschickt wird, aus. In Verbindung mit dem Zugriff auf unsere Seiten werden serverseitig Daten (zum Beispiel IP-Adresse, Datum, Uhrzeit und betrachtete Seiten) gespeichert. Es findet keine personenbezogene Verwertung statt. Die statistische Auswertung anonymisierter Datens\u00e4tze bleibt vorbehalten.<br>Wir nutzen die pers\u00f6nlichen Daten zu Zwecken der technischen Administration der Webseiten und zur Kundenverwaltung nur im jeweils daf\u00fcr erforderlichen Umfang. Dar\u00fcber hinaus werden pers\u00f6nliche Daten nur dann gespeichert, wenn diese freiwillig angegeben werden.<\/p>\n<\/div><\/div>\n\n\n\n<div class=\"wp-block-group\"><div class=\"wp-block-group__inner-container is-layout-constrained wp-block-group-is-layout-constrained\">\n<h2 class=\"wp-block-heading\" style=\"font-size:18px\"><strong>Weitergabe personenbezogener Daten<br><\/strong><\/h2>\n\n\n\n<p style=\"font-size:16px\">Wir verwenden personenbezogene Informationen nur f\u00fcr diese Webseite. Wir geben die Informationen nicht ohne ausdr\u00fcckliches Einverst\u00e4ndnis an Dritte weiter. Sollten im Rahmen der Auftragsdatenverarbeitung Daten an Dienstleister weitergegeben werden, so sind diese an das Bundesdatenschutzgesetz BDSG, andere gesetzliche Vorschriften und an diese Privacy Policy gebunden.<br>Erhebungen beziehungsweise \u00dcbermittlungen pers\u00f6nlicher Daten an staatliche Einrichtungen und Beh\u00f6rden erfolgen nur im Rahmen zwingender Rechtsvorschriften.<\/p>\n<\/div><\/div>\n\n\n\n<div class=\"wp-block-group\"><div class=\"wp-block-group__inner-container is-layout-constrained wp-block-group-is-layout-constrained\">\n<h2 class=\"wp-block-heading\" style=\"font-size:18px\"><strong>Einsatz von Cookies<br><\/strong><\/h2>\n\n\n\n<p style=\"font-size:16px\">Wir setzen Cookies \u2013 kleine Dateien mit Konfigurationsinformationen \u2013 ein. Sie helfen dabei, benutzerindividuelle Einstellungen zu ermitteln und spezielle Benutzerfunktionen zu realisieren. Wir erfassen keine personenbezogenen Daten \u00fcber Cookies. S\u00e4mtliche Funktionen der Website sind auch ohne Cookies einsetzbar, einige benutzerdefinierte Eigenschaften und Einstellungen sind dann allerdings nicht verf\u00fcgbar.<\/p>\n<\/div><\/div>\n\n\n\n<div class=\"wp-block-group\"><div class=\"wp-block-group__inner-container is-layout-constrained wp-block-group-is-layout-constrained\">\n<h2 class=\"wp-block-heading\" style=\"font-size:18px\"><strong>Einsatz von Google Analytics<br><\/strong><\/h2>\n\n\n\n<p style=\"font-size:16px\">Diese Website benutzt Google Analytics, einen Webanalysedienst der Googe Inc. (Google). Google Analytics verwendet sog. Cookies, Textdateien, die auf Ihrem Computer gespeichert werden und die eine Analyse der Benutzung der Website durch Sie erm\u00f6glicht. Die durch den Cookie erzeugten Informationen \u00fcber Ihre Benutzung diese Website (einschlie\u00dflich Ihrer IP-Adresse) wird an einen Server der Google in den USA \u00fcbertragen und dort gespeichert. Google wird diese Informationen benutzen, um die Nutzung der Website auszuwerten, um Reports \u00fcber die Websiteaktivit\u00e4ten f\u00fcr die Websitebetreiber zusammenzustellen und um weitere mit der Websitenutzung und der Internetnutzung verbundene Dienstleistungen zu erbringen. Auch wird Google diese Informationen gegebenenfalls an Dritte \u00fcbertragen, sofern dies gesetzlich vorgeschrieben oder soweit Dritte diese Daten im Auftrag von Google verarbeiten. Google wird in keinem Fall Ihre IP-Adresse mit anderen Daten der Google in Verbindung bringen. Sie k\u00f6nnen die Installation der Cookies durch eine entsprechende Einstellung Ihrer Browser Software verhindern. Wir weisen Sie jedoch darauf hin, dass Sie in diesem Fall gegebenenfalls nicht s\u00e4mtliche Funktionen dieser Website voll umf\u00e4nglich nutzen k\u00f6nnen. Durch die Nutzung dieser Website erkl\u00e4ren Sie sich mit der Bearbeitung der \u00fcber Sie erhobenen Daten durch Google in der zuvor beschriebenen Art und Weise und zu dem zuvor benannten Zweck einverstanden.<\/p>\n<\/div><\/div>\n\n\n\n<div class=\"wp-block-group\"><div class=\"wp-block-group__inner-container is-layout-constrained wp-block-group-is-layout-constrained\">\n<h2 class=\"wp-block-heading\" style=\"font-size:18px\"><strong>Kinder<br><\/strong><\/h2>\n\n\n\n<p style=\"font-size:16px\">Personen unter 18 Jahren sollten ohne Zustimmung der Eltern oder Erziehungsberechtigten keine personenbezogenen Daten an uns \u00fcbermitteln. Wir fordern keine personenbezogenen Daten von Kindern an, sammeln diese nicht und geben sie nicht an Dritte weiter.<\/p>\n<\/div><\/div>\n\n\n\n<div class=\"wp-block-group\"><div class=\"wp-block-group__inner-container is-layout-constrained wp-block-group-is-layout-constrained\">\n<h2 class=\"wp-block-heading\" style=\"font-size:18px\"><strong>Links zu anderen Websites<br><\/strong><\/h2>\n\n\n\n<p style=\"font-size:16px\">Unser Online-Angebot enth\u00e4lt Links zu anderen Websites. Wir haben keinen Einfluss darauf, dass deren Betreiber die Datenschutzbestimmungen einhalten.<\/p>\n<\/div><\/div>\n\n\n\n<div class=\"wp-block-group\"><div class=\"wp-block-group__inner-container is-layout-constrained wp-block-group-is-layout-constrained\">\n<h2 class=\"wp-block-heading\" style=\"font-size:18px\"><strong>Beitr\u00e4ge<br><\/strong><\/h2>\n\n\n\n<p style=\"font-size:16px\">Die Beitr\u00e4ge auf unserer Seite sind f\u00fcr jeden zug\u00e4nglich. Beitr\u00e4ge sollten vor der Ver\u00f6ffentlichung sorgf\u00e4ltig darauf \u00fcberpr\u00fcft werden, ob sie Angaben enthalten, die nicht f\u00fcr die \u00d6ffentlichkeit bestimmt sind. Die Beitr\u00e4ge werden m\u00f6glicherweise in Suchmaschinen erfasst und sind auch ohne gezielten Aufruf dieser Website weltweit verf\u00fcgbar.<\/p>\n<\/div><\/div>\n\n\n\n<div class=\"wp-block-group\"><div class=\"wp-block-group__inner-container is-layout-constrained wp-block-group-is-layout-constrained\">\n<h2 class=\"wp-block-heading\" style=\"font-size:18px\"><strong>Fragen und Kommentare<br><\/strong><\/h2>\n\n\n\n<p style=\"font-size:16px\">Bei Fragen und f\u00fcr Anregungen und Kommentare zum Thema Datenschutz bitte per Mail an den <a href=\"mailto:webmaster@wassersportverein-tegel-sued.de\">Webmaster<\/a> von wenden.<\/p>\n<\/div><\/div>\n\n\n\n<div class=\"wp-block-group\"><div class=\"wp-block-group__inner-container is-layout-constrained wp-block-group-is-layout-constrained\">\n<h2 class=\"wp-block-heading\" style=\"font-size:18px\"><strong>Auskunftsrecht<br><\/strong><\/h2>\n\n\n\n<p style=\"font-size:16px\">Sie haben jederzeit das Recht auf Auskunft \u00fcber die bez\u00fcglich Ihrer Person gespeicherten Daten, deren Herkunft und Empf\u00e4nger sowie den Zweck der Datenverarbeitung. Auskunft \u00fcber die gespeicherten Daten gibt der <a href=\"mailto:webmaster@wassersportverein-tegel-sued.de\">Webmaster<\/a>.<\/p>\n<\/div><\/div>\n\n\n\n<div class=\"wp-block-group\"><div class=\"wp-block-group__inner-container is-layout-constrained wp-block-group-is-layout-constrained\">\n<h2 class=\"wp-block-heading\" style=\"font-size:18px\"><strong>Sicherheitshinweis:<br><\/strong><\/h2>\n\n\n\n<p style=\"font-size:16px\">Wir sind bem\u00fcht, Ihre personenbezogenen Daten durch Ergreifung aller technischen und organisatorischen M\u00f6glichkeiten so zu speichern, dass sie f\u00fcr Dritte nicht zug\u00e4nglich sind. Bei der Kommunikation per E-Mail kann die vollst\u00e4ndige Datensicherheit von uns nicht gew\u00e4hrleistet werden, so dass wir Ihnen bei vertraulichen Informationen den Postweg empfehlen.<\/p>\n<\/div><\/div>\n","protected":false},"excerpt":{"rendered":"<p>Erl\u00e4uterungen zum Datenschutz f\u00fcr denWassersportverein Tegel-S\u00fcd e.V. Vorwort Wir nehmen den Schutz Ihrer privaten Daten ernst. Die besondere Beachtung der Privatsph\u00e4re bei der Verarbeitung pers\u00f6nlicher Daten ist uns ein wichtiges Anliegen. Pers\u00f6nliche Daten werden gem\u00e4ss den Bestimmungen des Bundesdatenschutzgesetzes BDSG verwendet. Die Betreiber dieser Website verpflichten sich zur Verschwiegenheit. Diese Webseiten k\u00f6nnen Links zu Webseiten &hellip; <\/p>\n<p class=\"link-more\"><a href=\"https:\/\/wassersportverein-tegel-sued.de\/index.php\/datenschutzerklaerung\/\" class=\"more-link\"><span class=\"screen-reader-text\">\u201eDatenschutzerkl\u00e4rung\u201c <\/span>weiterlesen<\/a><\/p>\n","protected":false},"author":1,"featured_media":0,"parent":0,"menu_order":0,"comment_status":"closed","ping_status":"open","template":"","meta":{"_glsr_average":0,"_glsr_ranking":0,"_glsr_reviews":0,"footnotes":""},"class_list":["post-3","page","type-page","status-publish","hentry"],"_links":{"self":[{"href":"https:\/\/wassersportverein-tegel-sued.de\/index.php\/wp-json\/wp\/v2\/pages\/3","targetHints":{"allow":["GET"]}}],"collection":[{"href":"https:\/\/wassersportverein-tegel-sued.de\/index.php\/wp-json\/wp\/v2\/pages"}],"about":[{"href":"https:\/\/wassersportverein-tegel-sued.de\/index.php\/wp-json\/wp\/v2\/types\/page"}],"author":[{"embeddable":true,"href":"https:\/\/wassersportverein-tegel-sued.de\/index.php\/wp-json\/wp\/v2\/users\/1"}],"replies":[{"embeddable":true,"href":"https:\/\/wassersportverein-tegel-sued.de\/index.php\/wp-json\/wp\/v2\/comments?post=3"}],"version-history":[{"count":0,"href":"https:\/\/wassersportverein-tegel-sued.de\/index.php\/wp-json\/wp\/v2\/pages\/3\/revisions"}],"wp:attachment":[{"href":"https:\/\/wassersportverein-tegel-sued.de\/index.php\/wp-json\/wp\/v2\/media?parent=3"}],"curies":[{"name":"wp","href":"https:\/\/api.w.org\/{rel}","templated":true}]}}