{"id":277,"date":"2024-07-27T23:05:57","date_gmt":"2024-07-27T21:05:57","guid":{"rendered":"https:\/\/wassersportverein-tegel-sued.de\/?page_id=277"},"modified":"2024-07-28T10:01:27","modified_gmt":"2024-07-28T08:01:27","slug":"bewertung","status":"publish","type":"page","link":"https:\/\/wassersportverein-tegel-sued.de\/index.php\/bewertung\/","title":{"rendered":"Bewertungen"},"content":{"rendered":"\n<p style=\"letter-spacing:0px;line-height:1.5\">Du warst bei uns Gast, findest die Homepage gut oder m\u00f6chtest einfach schreiben wie Du uns als Verein siehst? Dann hast Du hier die Chance dazu&#8230; W\u00e4hle durch anklicken die Anzahl der Sterne und schreibe etwas dazu. Wenn Du bei <a href=\"https:\/\/g.co\/kgs\/rW3w48V\" data-type=\"link\" data-id=\"https:\/\/g.co\/kgs\/rW3w48V\" target=\"_blank\" rel=\"noreferrer noopener\">Google Maps<\/a> \u00fcber uns eine positive Rezension schreiben m\u00f6chtest (Benutzerkonto n\u00f6tig), dann w\u00fcrden wir uns auch dar\u00fcber sehr freuen&#8230; <\/p>\n\n\n<div class=\"items-justified-left wp-block-site-reviews-summary\" style=\"--glsr-max-w:48ch;--glsr-summary-align:start;\"><div class=\"glsr glsr-twentyseventeen\" id=\"glsr_ggiw59qt\" data-from=\"block\" data-shortcode=\"site_reviews_summary\"><div class=\"glsr-summary-wrap\">\n    <div class=\"glsr-summary\">\n        <div class=\"glsr-summary-rating\"><span class=\"glsr-tag-value\">5,0<\/span><\/div>\n        <div class=\"glsr-summary-stars\"><div class=\"glsr-star-rating glsr-stars\" role=\"img\" aria-label=\"Rated 5 out of 5 stars based on 2 ratings\" data-rating=\"5\" data-reviews=\"2\"><span class=\"glsr-star glsr-star-full\" aria-hidden=\"true\"><\/span><span class=\"glsr-star glsr-star-full\" aria-hidden=\"true\"><\/span><span class=\"glsr-star glsr-star-full\" aria-hidden=\"true\"><\/span><span class=\"glsr-star glsr-star-full\" aria-hidden=\"true\"><\/span><span class=\"glsr-star glsr-star-full\" aria-hidden=\"true\"><\/span><\/div><\/div>\n        <div class=\"glsr-summary-text\"><span class=\"glsr-tag-value\">5,0 von 5 Sternen (basierend auf 2 Bewertungen)<\/span><\/div>\n        <div class=\"glsr-summary-percentages\"><div class=\"glsr-summary-bar\" data-level=\"5\"><span class=\"glsr-summary-bar-label\">Ausgezeichnet<\/span><span class=\"glsr-summary-bar-background\" style=\"--glsr-bar-percent:100%;\"><\/span><span class=\"glsr-summary-bar-percent\" data-percent=\"100%\" data-reviews=\"2\"><\/span><\/div><div class=\"glsr-summary-bar\" data-level=\"4\"><span class=\"glsr-summary-bar-label\">Sehr gut<\/span><span class=\"glsr-summary-bar-background\" style=\"--glsr-bar-percent:0%;\"><\/span><span class=\"glsr-summary-bar-percent\" data-percent=\"0%\" data-reviews=\"0\"><\/span><\/div><div class=\"glsr-summary-bar\" data-level=\"3\"><span class=\"glsr-summary-bar-label\">Durchschnittlich<\/span><span class=\"glsr-summary-bar-background\" style=\"--glsr-bar-percent:0%;\"><\/span><span class=\"glsr-summary-bar-percent\" data-percent=\"0%\" data-reviews=\"0\"><\/span><\/div><div class=\"glsr-summary-bar\" data-level=\"2\"><span class=\"glsr-summary-bar-label\">Schlecht<\/span><span class=\"glsr-summary-bar-background\" style=\"--glsr-bar-percent:0%;\"><\/span><span class=\"glsr-summary-bar-percent\" data-percent=\"0%\" data-reviews=\"0\"><\/span><\/div><div class=\"glsr-summary-bar\" data-level=\"1\"><span class=\"glsr-summary-bar-label\">Furchtbar<\/span><span class=\"glsr-summary-bar-background\" style=\"--glsr-bar-percent:0%;\"><\/span><span class=\"glsr-summary-bar-percent\" data-percent=\"0%\" data-reviews=\"0\"><\/span><\/div><\/div>\n    <\/div>\n<\/div><\/div><\/div>\n\n\n<div style=\"height:40px\" aria-hidden=\"true\" class=\"wp-block-spacer\"><\/div>\n\n\n<div class=\"items-justified-left wp-block-site-reviews-form\"><div class=\"glsr glsr-twentyseventeen\" id=\"glsr_10mqvm5k\" data-from=\"block\" data-shortcode=\"site_reviews_form\"><div class=\"glsr-form-wrap\">\n    <form class=\"glsr-form glsr-review-form\" method=\"post\" enctype=\"multipart\/form-data\">\n        <input type=\"hidden\" name=\"site-reviews[_action]\" value=\"submit-review\" \/>\n<input type=\"hidden\" name=\"site-reviews[_nonce]\" value=\"0b4fa15cb9\" \/>\n<input type=\"hidden\" name=\"site-reviews[_post_id]\" value=\"277\" \/>\n<input type=\"hidden\" name=\"site-reviews[_referer]\" value=\"\" \/>\n<input type=\"hidden\" name=\"site-reviews[assigned_posts]\" value=\"\" \/>\n<input type=\"hidden\" name=\"site-reviews[assigned_terms]\" value=\"\" \/>\n<input type=\"hidden\" name=\"site-reviews[assigned_users]\" value=\"\" \/>\n<input type=\"hidden\" name=\"site-reviews[excluded]\" value=\"\" \/>\n<input type=\"hidden\" name=\"site-reviews[form_id]\" value=\"glsr_10mqvm5k\" \/>\n<input type=\"hidden\" name=\"site-reviews[form_signature]\" value=\"9f3HMicWgSZFHfxwlBGG5WaRZihRFhkoOmC6-aJqmKCOQCCOIt0UpobOMwmTKFaDphM1VyUPVXoh6tkxLh2m1bMtFXLgmZVNQczEU2_eRaunJvMhf73ib1Csmw2YDs2G3AGzpqTcDl4tzWTln9LwHykRYfR7jiEr_PR2p8FD6fKmgRUZINVshjGVYsOwj8u2FjjCIgQiXjhnfbr6cyb9ofdWiVbsSFkCk4MD9cyh5eCbay48XrS_tIL3EM4Nc0YRTCoUeETtwputErP17cC7d6rYiD0mUg9q30UlkSUQruDfcJWP90_SwqDKRExw4Fz6aK1agazA8-vhE09tg2_xSVCummXww_M8LOOQ33_G_EqEkFoH9GNohw8UU-BFHBmk3baI9qlWA8doOiNq2uS7PJ-Cv99EokUS0X6s0IZqWjSLe9PkNgWGQYRVWg\" \/>\n<input type=\"hidden\" name=\"site-reviews[terms_exist]\" value=\"1\" \/>\n<div class=\"glsr-field\" style=\"display:none;\"><label for=\"site-reviews-d006a360-glsr_10mqvm5k\">Deine Rezension<\/label><input type=\"text\" class=\"glsr-input glsr-input-text\" id=\"site-reviews-d006a360-glsr_10mqvm5k\" name=\"site-reviews[d006a360]\" value=\"\" \/><\/div>\n<div class=\"glsr-field glsr-field-rating glsr-required\" data-field=\"rating\" data-type=\"rating\">\n    <label class=\"glsr-label\" for=\"glsr_10mqvm5k-rating\">\n    <span>Deine Gesamtbewertung<\/span>\n<\/label>\n    <select class=\"browser-default disable-select glsr-select no-wrap no_wrap\" id=\"glsr_10mqvm5k-rating\" name=\"site-reviews[rating]\" required><option value=\"\">Gib eine Punktzahl<\/option><option value=\"5\">5\u00a0Sterne<\/option><option value=\"4\">4\u00a0Sterne<\/option><option value=\"3\">3\u00a0Sterne<\/option><option value=\"2\">2\u00a0Sterne<\/option><option value=\"1\">1\u00a0Stern<\/option><\/select>\n    <div class=\"glsr-field-error\"><\/div>\n<\/div>\n<div class=\"glsr-field glsr-field-text\" data-field=\"title\" data-type=\"text\">\n    <label class=\"glsr-label\" for=\"glsr_10mqvm5k-title\">\n    <span>Titel Deiner Bewertung<\/span>\n<\/label>\n    <input type=\"text\" class=\"glsr-input glsr-input-text\" id=\"glsr_10mqvm5k-title\" name=\"site-reviews[title]\" placeholder=\"Fasse Deine Bewertung zusammen oder greife ein interessantes Detail heraus\" value=\"\" \/>\n    <div class=\"glsr-field-error\"><\/div>\n<\/div>\n<div class=\"glsr-field glsr-field-textarea glsr-required\" data-field=\"content\" data-type=\"textarea\">\n    <label class=\"glsr-label\" for=\"glsr_10mqvm5k-content\">\n    <span>Deine Rezension<\/span>\n<\/label>\n    <textarea class=\"glsr-textarea\" id=\"glsr_10mqvm5k-content\" name=\"site-reviews[content]\" required placeholder=\"Ver\u00f6ffentliche Deine Bewertung\" rows=\"5\"><\/textarea>\n    <div class=\"glsr-field-error\"><\/div>\n<\/div>\n<div class=\"glsr-field glsr-field-text glsr-required\" data-field=\"name\" data-type=\"text\">\n    <label class=\"glsr-label\" for=\"glsr_10mqvm5k-name\">\n    <span>Dein Name<\/span>\n<\/label>\n    <input type=\"text\" class=\"glsr-input glsr-input-text\" id=\"glsr_10mqvm5k-name\" name=\"site-reviews[name]\" required placeholder=\"Nenne uns Deinen Namen\" value=\"\" \/>\n    <div class=\"glsr-field-error\"><\/div>\n<\/div>\n<div class=\"glsr-field glsr-field-email glsr-required\" data-field=\"email\" data-type=\"email\">\n    <label class=\"glsr-label\" for=\"glsr_10mqvm5k-email\">\n    <span>Deine E-Mail-Adresse<\/span>\n<\/label>\n    <input type=\"email\" class=\"glsr-input glsr-input-email\" id=\"glsr_10mqvm5k-email\" name=\"site-reviews[email]\" required placeholder=\"Nenne uns Deine E-Mail-Adresse\" value=\"\" \/>\n    <div class=\"glsr-field-error\"><\/div>\n<\/div>\n<div class=\"glsr-field glsr-field-choice glsr-required\" data-field=\"terms\" data-type=\"toggle\">\n    \n    <div class=\"glsr-field-subgroup\">\n        <span class=\"glsr-field-toggle\">\n    <span>\n        <span class=\"glsr-toggle\"><input type=\"checkbox\" class=\"glsr-input-toggle\" id=\"glsr_10mqvm5k-terms-1\" name=\"site-reviews[terms]\" required value=\"1\" \/><span class=\"glsr-toggle-track\"><\/span><\/span>\n    <\/span>\n    <label for=\"glsr_10mqvm5k-terms-1\">Diese Bewertung basiert auf meiner pers\u00f6nlichen Erfahrung und entspricht meiner eigenen Meinung.<\/label>\n<\/span>\n    <\/div>\n    <div class=\"glsr-field-error\"><\/div>\n<\/div>\n        <div class=\"glsr-form-message\">\n    \n<\/div>\n        <div data-field=\"submit-button\">\n    <div class=\"wp-block-buttons is-layout-flex\">\n        <div class=\"wp-block-button\">\n            <button type=\"submit\" class=\"glsr-button wp-block-button__link wp-element-button\" aria-busy=\"false\" data-loading=\"Submitting, please wait...\">Submit Review<\/button>\n        <\/div>\n    <\/div>\n<\/div><div class=\"glsr-captcha-holder\"><\/div>\n    <\/form>\n<\/div><\/div><\/div>\n\n\n<div style=\"height:40px\" aria-hidden=\"true\" class=\"wp-block-spacer\"><\/div>\n\n\n<div class=\"has-text-align-left items-justified-left wp-block-site-reviews\"><div class=\"glsr glsr-twentyseventeen\" id=\"glsr_rdyooklg\" data-from=\"block\" data-shortcode=\"site_reviews\" data-hide=\"avatar,assigned_links\" data-rating=\"1\"><div class=\"glsr-reviews-wrap\">\n    <div class=\"glsr-reviews\">\n        <div class=\"glsr-review\" data-id=\"413\" data-type=\"local\" data-verified=\"1\" id=\"review-413\" data-assigned='[]'>\n    <div class=\"glsr-review-title\"><h4 class=\"glsr-tag-value\">Sch\u00f6ne Anlage und netter Empfang<\/h4><\/div>\n    <div class=\"glsr-review-rating\"><div class=\"glsr-star-rating glsr-stars\" role=\"img\" aria-label=\"Rated 5 out of 5 stars\" data-rating=\"5\" data-reviews=\"0\"><span class=\"glsr-star glsr-star-full\" aria-hidden=\"true\"><\/span><span class=\"glsr-star glsr-star-full\" aria-hidden=\"true\"><\/span><span class=\"glsr-star glsr-star-full\" aria-hidden=\"true\"><\/span><span class=\"glsr-star glsr-star-full\" aria-hidden=\"true\"><\/span><span class=\"glsr-star glsr-star-full\" aria-hidden=\"true\"><\/span><\/div><\/div> <div class=\"glsr-review-date\"><span class=\"glsr-tag-value\">24. August 2024<\/span><\/div>\n    \n    <div class=\"glsr-review-content\"><div class=\"glsr-tag-value\" data-expanded=\"false\"><p>Man hat einen sch\u00f6nen Umgang miteinander. Die Anlage hat alles was man im Alltag ben\u00f6tigt sowie Sanit\u00e4ranlagen, die sehr gepflegt und sauber sind als auch eine K\u00fcche mit ausreichenden Utensilien .<\/p><\/div><\/div>\n    \n    <div class=\"glsr-review-author\"><span class=\"glsr-tag-value\">Arne<\/span><\/div> <div class=\"glsr-review-verified\"><svg style=\"pointer-events: none;\" aria-hidden=\"true\" focusable=\"false\" role=\"img\" xmlns=\"http:\/\/www.w3.org\/2000\/svg\" viewBox=\"0 0 20 20\" width=\"20\" height=\"20\"><path fill=\"currentColor\" d=\"M10 2a8 8 0 1 1 0 16 8 8 0 1 1 0-16zm3.855 3.34l-5.14 5.93-2.57-2.4-1.34 1.25 3.24 4.54h1.34l5.81-8.38-1.34-.94z\"\/><\/svg> <span>Verifiziert<\/span><\/div> \n    \n<\/div>\n<div class=\"glsr-review\" data-id=\"397\" data-type=\"local\" data-verified=\"1\" id=\"review-397\" data-assigned='[]'>\n    <div class=\"glsr-review-title\"><h4 class=\"glsr-tag-value\">WTS-immer einen Besuch wert!<\/h4><\/div>\n    <div class=\"glsr-review-rating\"><div class=\"glsr-star-rating glsr-stars\" role=\"img\" aria-label=\"Rated 5 out of 5 stars\" data-rating=\"5\" data-reviews=\"0\"><span class=\"glsr-star glsr-star-full\" aria-hidden=\"true\"><\/span><span class=\"glsr-star glsr-star-full\" aria-hidden=\"true\"><\/span><span class=\"glsr-star glsr-star-full\" aria-hidden=\"true\"><\/span><span class=\"glsr-star glsr-star-full\" aria-hidden=\"true\"><\/span><span class=\"glsr-star glsr-star-full\" aria-hidden=\"true\"><\/span><\/div><\/div> <div class=\"glsr-review-date\"><span class=\"glsr-tag-value\">31. Juli 2024<\/span><\/div>\n    \n    <div class=\"glsr-review-content\"><div class=\"glsr-tag-value\" data-expanded=\"false\"><p class=\"glsr-hidden-text\" data-show-less=\"Weniger anzeigen\" data-show-more=\"Mehr anzeigen\" data-trigger=\"expand\">Wir waren jetzt zum 3. Mal Gastlieger beim WTS und es gab wie immer einen herzlichen Empfang, als ob wir zur Clubfamilie geh\u00f6ren. Wir haben uns ab der ersten Sekunde unseres Anlegeman\u00f6vers willkommen und sehr wohlgef\u00fchlt. Der Club und seine Anlagen sind vielleicht die Kleinsten im DMYV, aber kann sich m\u00fchelos mit sehr vielen gr\u00f6\u00dferen<span class=\"glsr-hidden\"> Clubs messen. Es gibt supersaubere Duschen und WCs, es gibt Trinkwasser und Strom und eine K\u00fcche, die auch Gastlieger benutzen d\u00fcrfen. Nicht zu vergessen, es gibt auch funktionierendes W-Lan. Wir waren dieses Mal drei Tage zu Gast und kommen gerne wieder. Der WTS verdient alle f\u00fcnf Sterne und ein Plus dazu!<\/span><\/p>\n<p class=\"glsr-hidden\">Vielen Dank sagen Jutta und Frank<\/p><\/div><\/div>\n    \n    <div class=\"glsr-review-author\"><span class=\"glsr-tag-value\">Frank<\/span><\/div> <div class=\"glsr-review-verified\"><svg style=\"pointer-events: none;\" aria-hidden=\"true\" focusable=\"false\" role=\"img\" xmlns=\"http:\/\/www.w3.org\/2000\/svg\" viewBox=\"0 0 20 20\" width=\"20\" height=\"20\"><path fill=\"currentColor\" d=\"M10 2a8 8 0 1 1 0 16 8 8 0 1 1 0-16zm3.855 3.34l-5.14 5.93-2.57-2.4-1.34 1.25 3.24 4.54h1.34l5.81-8.38-1.34-.94z\"\/><\/svg> <span>Verifiziert<\/span><\/div> \n    \n<\/div>\n    <\/div>\n    \n<\/div><\/div><\/div>\n\n\n<p><\/p>\n","protected":false},"excerpt":{"rendered":"<p>Du warst bei uns Gast, findest die Homepage gut oder m\u00f6chtest einfach schreiben wie Du uns als Verein siehst? Dann hast Du hier die Chance dazu&#8230; W\u00e4hle durch anklicken die Anzahl der Sterne und schreibe etwas dazu. Wenn Du bei Google Maps \u00fcber uns eine positive Rezension schreiben m\u00f6chtest (Benutzerkonto n\u00f6tig), dann w\u00fcrden wir uns &hellip; <\/p>\n<p class=\"link-more\"><a href=\"https:\/\/wassersportverein-tegel-sued.de\/index.php\/bewertung\/\" class=\"more-link\"><span class=\"screen-reader-text\">\u201eBewertungen\u201c <\/span>weiterlesen<\/a><\/p>\n","protected":false},"author":1,"featured_media":0,"parent":0,"menu_order":0,"comment_status":"closed","ping_status":"closed","template":"","meta":{"_glsr_average":0,"_glsr_ranking":0,"_glsr_reviews":0,"footnotes":""},"class_list":["post-277","page","type-page","status-publish","hentry"],"_links":{"self":[{"href":"https:\/\/wassersportverein-tegel-sued.de\/index.php\/wp-json\/wp\/v2\/pages\/277","targetHints":{"allow":["GET"]}}],"collection":[{"href":"https:\/\/wassersportverein-tegel-sued.de\/index.php\/wp-json\/wp\/v2\/pages"}],"about":[{"href":"https:\/\/wassersportverein-tegel-sued.de\/index.php\/wp-json\/wp\/v2\/types\/page"}],"author":[{"embeddable":true,"href":"https:\/\/wassersportverein-tegel-sued.de\/index.php\/wp-json\/wp\/v2\/users\/1"}],"replies":[{"embeddable":true,"href":"https:\/\/wassersportverein-tegel-sued.de\/index.php\/wp-json\/wp\/v2\/comments?post=277"}],"version-history":[{"count":0,"href":"https:\/\/wassersportverein-tegel-sued.de\/index.php\/wp-json\/wp\/v2\/pages\/277\/revisions"}],"wp:attachment":[{"href":"https:\/\/wassersportverein-tegel-sued.de\/index.php\/wp-json\/wp\/v2\/media?parent=277"}],"curies":[{"name":"wp","href":"https:\/\/api.w.org\/{rel}","templated":true}]}}