{"id":26,"date":"2024-05-25T19:14:29","date_gmt":"2024-05-25T17:14:29","guid":{"rendered":"http:\/\/wassersportverein-tegel-sued.de\/?page_id=26"},"modified":"2026-05-01T11:42:56","modified_gmt":"2026-05-01T09:42:56","slug":"kontakt","status":"publish","type":"page","link":"https:\/\/wassersportverein-tegel-sued.de\/index.php\/kontakt\/","title":{"rendered":"Kontakt"},"content":{"rendered":"\n<p class=\"has-text-align-left\">Du hast eine Frage zu unserem Wassersportverein, w\u00fcrdest als Gast gerne unseren Gastliegeplatz reservieren oder m\u00f6chtest als Mitglied aufgenommen werden? Dann z\u00f6gere nicht und schreibe eine Nachricht \u00fcber das Kontaktformular oder schreibe direkt eine Mail an den Vorstand. Wir werden uns schnellstm\u00f6glich, wie Du bevorzugst, bei Dir zur\u00fcck melden.<\/p>\n\n\n\n<p class=\"has-text-color has-link-color wp-elements-beb32c582e6eb48fa4b5a4b0c5825fa0\" style=\"color:#265a87\"><strong>Wichtige Details bei Anfrage zur Mitgliedschaft:<br><\/strong>\u21d2 L\u00e4nge \u00fcber Alles maximal 7,50 Meter<br>\u21d2 Breite \u00fcber Alles maximal 2,50 Meter<br>\u21d2 Keine starre Welle als Antrieb<br>\u21d2 Kein Stahlrumpf<\/p>\n\n\n\n<p class=\"has-vivid-red-color has-text-color has-link-color wp-elements-cbb7d5a4be665b673a36608f667c29b0\" style=\"font-size:20px\"><strong>Hinweis:<\/strong><br>Aktuell steht ein freier Liegeplatz mit den Maximalma\u00dfen von<br>L = 7,00m und B = 2,50m zur Verf\u00fcgung!<\/p>\n\n\n<div class=\"frm_forms  with_frm_style frm_style_formidable-style\" id=\"frm_form_2_container\" data-token=\"0081300e6e46349ac0160ec81ebedb3f\">\n<form enctype=\"multipart\/form-data\" method=\"post\" class=\"frm-show-form  frm_ajax_submit \" id=\"form_kontaktformular\" data-token=\"0081300e6e46349ac0160ec81ebedb3f\">\n<div class=\"frm_form_fields \">\n<fieldset>\n<legend class=\"frm_screen_reader\">Kontaktformular<\/legend>\r\n\r\n<div class=\"frm_fields_container\">\n<input type=\"hidden\" name=\"frm_action\" value=\"create\" \/>\n<input type=\"hidden\" name=\"form_id\" value=\"2\" \/>\n<input type=\"hidden\" name=\"frm_hide_fields_2\" id=\"frm_hide_fields_2\" value=\"\" \/>\n<input type=\"hidden\" name=\"form_key\" value=\"kontaktformular\" \/>\n<input type=\"hidden\" name=\"item_meta[0]\" value=\"\" \/>\n<input type=\"hidden\" id=\"frm_submit_entry_2\" name=\"frm_submit_entry_2\" value=\"9c92c73ea8\" \/><input type=\"hidden\" name=\"_wp_http_referer\" value=\"\/index.php\/wp-json\/wp\/v2\/pages\/26\" \/><div id=\"frm_field_6_container\" class=\"frm_form_field form-field  frm_required_field frm_top_container frm_first frm_half\">\r\n\t<label for=\"field_qh4icy2\" id=\"field_qh4icy2_label\" class=\"frm_primary_label\">Vorname\r\n\t\t<span class=\"frm_required\" aria-hidden=\"true\">*<\/span>\r\n\t<\/label>\r\n\t<input type=\"text\" id=\"field_qh4icy2\" name=\"item_meta[6]\" value=\"\"  placeholder=\"Vorname\" data-reqmsg=\"Vorname darf nicht leer sein.\" aria-required=\"true\" data-invmsg=\"Vorname ist ung\u00fcltig\" aria-invalid=\"false\"  \/>\r\n\t\r\n\t\r\n<\/div>\n<div id=\"frm_field_7_container\" class=\"frm_form_field form-field  frm_required_field frm_top_container frm_half\">\r\n\t<label for=\"field_ocfup12\" id=\"field_ocfup12_label\" class=\"frm_primary_label\">Nachname\r\n\t\t<span class=\"frm_required\" aria-hidden=\"true\">*<\/span>\r\n\t<\/label>\r\n\t<input type=\"text\" id=\"field_ocfup12\" name=\"item_meta[7]\" value=\"\"  placeholder=\"Nachname\" data-reqmsg=\"Nachname darf nicht leer sein.\" aria-required=\"true\" data-invmsg=\"Nachname ist ung\u00fcltig\" aria-invalid=\"false\"  \/>\r\n\t\r\n\t\r\n<\/div>\n<div id=\"frm_field_8_container\" class=\"frm_form_field form-field  frm_required_field frm_top_container frm_half\">\r\n\t<label for=\"field_29yf4d2\" id=\"field_29yf4d2_label\" class=\"frm_primary_label\">Mailadresse\r\n\t\t<span class=\"frm_required\" aria-hidden=\"true\">*<\/span>\r\n\t<\/label>\r\n\t<input type=\"email\" id=\"field_29yf4d2\" name=\"item_meta[8]\" value=\"\"  placeholder=\"Mailadresse\" data-reqmsg=\"Mailadresse darf nicht leer sein.\" aria-required=\"true\" data-invmsg=\"Bitte eine korrekte Mailadresse eintragen!\" aria-invalid=\"false\"  \/>\r\n\t\r\n\t\r\n<\/div>\n<div id=\"frm_field_20_container\" class=\"frm_form_field form-field  frm_top_container frm6 frm_half\">\r\n\t<label for=\"field_vnjv6\" id=\"field_vnjv6_label\" class=\"frm_primary_label\">Telefonnummer (optional)\r\n\t\t<span class=\"frm_required\" aria-hidden=\"true\"><\/span>\r\n\t<\/label>\r\n\t<input type=\"tel\" id=\"field_vnjv6\" name=\"item_meta[20]\" value=\"\"  placeholder=\"Telefonnummer\" data-invmsg=\"Telefonnummer (optional) ist ung\u00fcltig\" aria-invalid=\"false\" pattern=\"((\\+\\d{1,3}(-|.| )?\\(?\\d\\)?(-| |.)?\\d{1,5})|(\\(?\\d{2,6}\\)?))(-|.| )?(\\d{3,4})(-|.| )?(\\d{4})(( x| ext)\\d{1,5}){0,1}$\"  \/>\r\n\t\r\n\t\r\n<\/div>\n<div id=\"frm_field_10_container\" class=\"frm_form_field form-field  frm_required_field frm_top_container frm_full\">\r\n\t<label for=\"field_9jv0r12\" id=\"field_9jv0r12_label\" class=\"frm_primary_label\">Nachricht\r\n\t\t<span class=\"frm_required\" aria-hidden=\"true\">*<\/span>\r\n\t<\/label>\r\n\t<textarea name=\"item_meta[10]\" id=\"field_9jv0r12\" rows=\"5\"  placeholder=\"Nachricht\" data-reqmsg=\"Nachricht darf nicht leer sein.\" aria-required=\"true\" data-invmsg=\"Nachricht ist ung\u00fcltig\" aria-invalid=\"false\"  ><\/textarea>\r\n\t\r\n\t\r\n<\/div>\n<div id=\"frm_field_21_container\" class=\"frm_form_field form-field  frm_top_container frm12 frm_first vertical_radio\">\r\n\t<div  id=\"field_xjxm6_label\" class=\"frm_primary_label\">Wie m\u00f6chtest Du bevorzugt kontaktiert werden? (optional)\r\n\t\t<span class=\"frm_required\" aria-hidden=\"true\"><\/span>\r\n\t<\/div>\r\n\t<div class=\"frm_opt_container\" aria-labelledby=\"field_xjxm6_label\" role=\"radiogroup\">\t\t<div class=\"frm_radio\" id=\"frm_radio_21-0\">\t\t\t<label  for=\"field_xjxm6-0\">\n\t\t\t\t\t<input type=\"radio\" name=\"item_meta[21]\" id=\"field_xjxm6-0\" value=\"per Mail\"\n\t\t data-invmsg=\"Wie m\u00f6chtest Du bevorzugt kontaktiert werden? (optional) ist ung\u00fcltig\"   \/> per Mail<\/label><\/div>\n\t\t<div class=\"frm_radio\" id=\"frm_radio_21-1\">\t\t\t<label  for=\"field_xjxm6-1\">\n\t\t\t\t\t<input type=\"radio\" name=\"item_meta[21]\" id=\"field_xjxm6-1\" value=\"per Telefon\"\n\t\t data-invmsg=\"Wie m\u00f6chtest Du bevorzugt kontaktiert werden? (optional) ist ung\u00fcltig\"   \/> per Telefon<\/label><\/div>\n<\/div>\r\n\t\r\n\t\r\n<\/div>\n<div id=\"frm_field_11_container\" class=\"frm_form_field form-field  frm6 frm12 frm_first\">\r\n\t\t\t<div id=\"cf-turnstile-fmdble-3515992164\"\r\n\t\tclass=\"cf-turnstile\" \t\tdata-sitekey=\"0x4AAAAAAAbpJ8cbhEr_oyFh\"\r\n\t\tdata-theme=\"light\"\r\n\t\tdata-language=\"de\"\r\n\t\tdata-size=\"\"\r\n\t\tdata-retry=\"auto\" data-retry-interval=\"1000\"\r\n\t\tdata-refresh-expired=\"auto\"\r\n\t\tdata-refresh-timeout=\"auto\"\r\n\t\tdata-action=\"formidable-form-2\"\r\n\t\tdata-callback=\"turnstileFormidableCallback\"\r\n\t\t\t\tdata-appearance=\"always\"><\/div>\r\n\t\t\t<script>document.addEventListener(\"DOMContentLoaded\", function() { setTimeout(function(){ var e=document.getElementById(\"cf-turnstile-fmdble-3515992164\"); if(e&&!e.innerHTML.trim()){turnstile.render(e, {sitekey:\"0x4AAAAAAAbpJ8cbhEr_oyFh\"});} }, 200); });<\/script>\r\n\t\t\t<br class=\"cf-turnstile-br cf-turnstile-br-fmdble-3515992164\">\r\n\t\t\t\t<style>#cf-turnstile-fmdble-3515992164 { margin-left: -15px; }<\/style>\r\n\t\t<div class=\"frm_submit\">\r\n\r\n<button class=\"frm_button_submit\" type=\"submit\"  >Absenden<\/button>\r\n\r\n<\/div>\r\n<\/div>\n<input type=\"hidden\" id=\"field_6tet3\" name=\"item_meta[23]\" value=\"\"    \/>\t<input type=\"hidden\" name=\"item_key\" value=\"\" \/>\n\t\t\t<div id=\"frm_field_24_container\">\n\t\t\t<label for=\"field_q5ixi\" >\n\t\t\t\tFalls Du menschlich bist, lasse dieses Feld leer.\t\t\t<\/label>\n\t\t\t<input  id=\"field_q5ixi\" type=\"text\" class=\"frm_form_field form-field frm_verify\" name=\"item_meta[24]\" value=\"\"  \/>\n\t\t<\/div>\n\t\t<input name=\"frm_state\" type=\"hidden\" value=\"TMUoZG17W0UQv3J2fKCRiiG6DiFfcxrYNvieDI\/k1\/s=\" \/><\/div>\n<\/fieldset>\n<\/div>\n\n<\/form>\n<\/div>\n\n\n\n\n<div style=\"height:5px\" aria-hidden=\"true\" class=\"wp-block-spacer\"><\/div>\n\n\n\n<div class=\"wp-block-group is-nowrap is-layout-flex wp-container-core-group-is-layout-ad2f72ca wp-block-group-is-layout-flex\">\n<div class=\"wp-block-group is-vertical is-layout-flex wp-container-core-group-is-layout-8cf370e7 wp-block-group-is-layout-flex\">\n<figure class=\"wp-block-image size-full is-resized\"><img decoding=\"async\" src=\"https:\/\/wassersportverein-tegel-sued.de\/wp-content\/uploads\/2024\/05\/Festnetz.png\" alt=\"\" class=\"wp-image-135\" style=\"width:30px\"\/><\/figure>\n<\/div>\n\n\n\n<p>030 \/ 432 75 75<\/p>\n<\/div>\n\n\n\n<div style=\"height:5px\" aria-hidden=\"true\" class=\"wp-block-spacer\"><\/div>\n\n\n\n<div class=\"wp-block-group is-nowrap is-layout-flex wp-container-core-group-is-layout-ad2f72ca wp-block-group-is-layout-flex\">\n<div class=\"wp-block-group is-vertical is-layout-flex wp-container-core-group-is-layout-8cf370e7 wp-block-group-is-layout-flex\">\n<figure class=\"wp-block-image size-full is-resized\"><img decoding=\"async\" src=\"https:\/\/wassersportverein-tegel-sued.de\/wp-content\/uploads\/2024\/05\/Email.png\" alt=\"\" class=\"wp-image-136\" style=\"width:30px\"\/><\/figure>\n<\/div>\n\n\n\n<p><a href=\"mailto:wassersportverein_tegel_sued@web.de\">Direkte Mail an den Webmaster<\/a><\/p>\n<\/div>\n\n\n\n<div style=\"height:45px\" aria-hidden=\"true\" class=\"wp-block-spacer\"><\/div>\n\n\n\n<iframe src=\"https:\/\/www.google.com\/maps\/embed?pb=!1m18!1m12!1m3!1d691.5086334306366!2d13.273390640910199!3d52.57812482556681!2m3!1f0!2f0!3f0!3m2!1i1024!2i768!4f13.1!3m3!1m2!1s0x47a8556374b9134d%3A0xa0d3157879b565c4!2sWassersportverein%20Tegel-S%C3%BCd%20e.V.!5e1!3m2!1sde!2sde!4v1739086139493!5m2!1sde!2sde\" width=100% height=\"400\" style=\"border:0;\" allowfullscreen=\"\" loading=\"lazy\" referrerpolicy=\"no-referrer-when-downgrade\"><\/iframe>\n\n\n\n<p><\/p>\n","protected":false},"excerpt":{"rendered":"<p>Du hast eine Frage zu unserem Wassersportverein, w\u00fcrdest als Gast gerne unseren Gastliegeplatz reservieren oder m\u00f6chtest als Mitglied aufgenommen werden? Dann z\u00f6gere nicht und schreibe eine Nachricht \u00fcber das Kontaktformular oder schreibe direkt eine Mail an den Vorstand. Wir werden uns schnellstm\u00f6glich, wie Du bevorzugst, bei Dir zur\u00fcck melden. Wichtige Details bei Anfrage zur Mitgliedschaft:\u21d2 &hellip; <\/p>\n<p class=\"link-more\"><a href=\"https:\/\/wassersportverein-tegel-sued.de\/index.php\/kontakt\/\" class=\"more-link\"><span class=\"screen-reader-text\">\u201eKontakt\u201c <\/span>weiterlesen<\/a><\/p>\n","protected":false},"author":1,"featured_media":6,"parent":0,"menu_order":0,"comment_status":"closed","ping_status":"closed","template":"","meta":{"_glsr_average":0,"_glsr_ranking":0,"_glsr_reviews":0,"footnotes":"[]"},"class_list":["post-26","page","type-page","status-publish","has-post-thumbnail","hentry"],"_links":{"self":[{"href":"https:\/\/wassersportverein-tegel-sued.de\/index.php\/wp-json\/wp\/v2\/pages\/26","targetHints":{"allow":["GET"]}}],"collection":[{"href":"https:\/\/wassersportverein-tegel-sued.de\/index.php\/wp-json\/wp\/v2\/pages"}],"about":[{"href":"https:\/\/wassersportverein-tegel-sued.de\/index.php\/wp-json\/wp\/v2\/types\/page"}],"author":[{"embeddable":true,"href":"https:\/\/wassersportverein-tegel-sued.de\/index.php\/wp-json\/wp\/v2\/users\/1"}],"replies":[{"embeddable":true,"href":"https:\/\/wassersportverein-tegel-sued.de\/index.php\/wp-json\/wp\/v2\/comments?post=26"}],"version-history":[{"count":2,"href":"https:\/\/wassersportverein-tegel-sued.de\/index.php\/wp-json\/wp\/v2\/pages\/26\/revisions"}],"predecessor-version":[{"id":816,"href":"https:\/\/wassersportverein-tegel-sued.de\/index.php\/wp-json\/wp\/v2\/pages\/26\/revisions\/816"}],"wp:featuredmedia":[{"embeddable":true,"href":"https:\/\/wassersportverein-tegel-sued.de\/index.php\/wp-json\/wp\/v2\/media\/6"}],"wp:attachment":[{"href":"https:\/\/wassersportverein-tegel-sued.de\/index.php\/wp-json\/wp\/v2\/media?parent=26"}],"curies":[{"name":"wp","href":"https:\/\/api.w.org\/{rel}","templated":true}]}}